
{"id":64,"date":"2014-08-05T11:05:40","date_gmt":"2014-08-05T09:05:40","guid":{"rendered":"https:\/\/www.masvivent.com\/?page_id=64"},"modified":"2015-04-23T16:00:15","modified_gmt":"2015-04-23T14:00:15","slug":"installations-chambres","status":"publish","type":"page","link":"https:\/\/www.masvivent.com\/fr\/installations-chambres\/","title":{"rendered":"Installations \/ Chambres"},"content":{"rendered":"<p>Le mas dispose de 8 suites pour deux personnes, quatre d\u2019entre elles avec terrasse. Toutes les chambres sont climatis\u00e9es et \u00e9quip\u00e9es pour le plus grand confort de nos h\u00f4tes.<\/p>\n<p>\u00c0 chaque instant, dans les divers espaces et salles de ce g\u00eete chaleureux, vous pouvez profiter du paysage environnant, ainsi que de la commodit\u00e9 de nos installations, en toute tranquillit\u00e9.<\/p>\n<p>Mas Vivent dispose \u00e9galement de ce qui suit :<\/p>\n<ul>\n<li>Salle \u00e0 manger<\/li>\n<li>Deux salons avec chemin\u00e9e<\/li>\n<li>Terrasses<\/li>\n<li>Salle polyvalente<\/li>\n<li>Domaine priv\u00e9<\/li>\n<\/ul>\n","protected":false},"excerpt":{"rendered":"<p>Le mas dispose de 8 suites pour deux personnes, quatre d\u2019entre elles avec terrasse. Toutes les chambres sont climatis\u00e9es et \u00e9quip\u00e9es pour le plus grand confort de nos h\u00f4tes. \u00c0 chaque instant, dans les divers espaces et salles de ce g\u00eete chaleureux, vous pouvez profiter du paysage environnant, ainsi que de la commodit\u00e9 de nos [&hellip;]<\/p>\n","protected":false},"author":4,"featured_media":0,"parent":0,"menu_order":0,"comment_status":"open","ping_status":"open","template":"","meta":{"_acf_changed":false,"footnotes":""},"class_list":["post-64","page","type-page","status-publish","hentry"],"acf":[],"_links":{"self":[{"href":"https:\/\/www.masvivent.com\/fr\/wp-json\/wp\/v2\/pages\/64","targetHints":{"allow":["GET"]}}],"collection":[{"href":"https:\/\/www.masvivent.com\/fr\/wp-json\/wp\/v2\/pages"}],"about":[{"href":"https:\/\/www.masvivent.com\/fr\/wp-json\/wp\/v2\/types\/page"}],"author":[{"embeddable":true,"href":"https:\/\/www.masvivent.com\/fr\/wp-json\/wp\/v2\/users\/4"}],"replies":[{"embeddable":true,"href":"https:\/\/www.masvivent.com\/fr\/wp-json\/wp\/v2\/comments?post=64"}],"version-history":[{"count":2,"href":"https:\/\/www.masvivent.com\/fr\/wp-json\/wp\/v2\/pages\/64\/revisions"}],"predecessor-version":[{"id":452,"href":"https:\/\/www.masvivent.com\/fr\/wp-json\/wp\/v2\/pages\/64\/revisions\/452"}],"wp:attachment":[{"href":"https:\/\/www.masvivent.com\/fr\/wp-json\/wp\/v2\/media?parent=64"}],"curies":[{"name":"wp","href":"https:\/\/api.w.org\/{rel}","templated":true}]}}