
{"id":639,"date":"2015-07-27T10:54:06","date_gmt":"2015-07-27T08:54:06","guid":{"rendered":"https:\/\/www.masvivent.com\/?page_id=639"},"modified":"2015-07-27T11:24:03","modified_gmt":"2015-07-27T09:24:03","slug":"formulario-opinion-frances","status":"publish","type":"page","link":"https:\/\/www.masvivent.com\/fr\/decouvrez-les-opinions-de-nos-clients\/formulario-opinion-frances\/","title":{"rendered":"Formulario opini\u00f3n frances"},"content":{"rendered":"<p>Donnez votre avis<\/p>\n\n<div class=\"wpcf7 no-js\" id=\"wpcf7-f641-o1\" lang=\"es-ES\" dir=\"ltr\" data-wpcf7-id=\"641\">\n<div class=\"screen-reader-response\"><p role=\"status\" aria-live=\"polite\" aria-atomic=\"true\"><\/p> <ul><\/ul><\/div>\n<form action=\"\/fr\/wp-json\/wp\/v2\/pages\/639#wpcf7-f641-o1\" method=\"post\" class=\"wpcf7-form init\" aria-label=\"Formulario de contacto\" enctype=\"multipart\/form-data\" novalidate=\"novalidate\" data-status=\"init\">\n<fieldset class=\"hidden-fields-container\"><input type=\"hidden\" name=\"_wpcf7\" value=\"641\" \/><input type=\"hidden\" name=\"_wpcf7_version\" value=\"6.1.5\" \/><input type=\"hidden\" name=\"_wpcf7_locale\" value=\"es_ES\" \/><input type=\"hidden\" name=\"_wpcf7_unit_tag\" value=\"wpcf7-f641-o1\" \/><input type=\"hidden\" name=\"_wpcf7_container_post\" value=\"0\" \/><input type=\"hidden\" name=\"_wpcf7_posted_data_hash\" value=\"\" \/><input type=\"hidden\" name=\"_wpcf7_recaptcha_response\" value=\"\" \/>\n<\/fieldset>\n<p>Nom *\n<\/p>\n<p><span class=\"wpcf7-form-control-wrap\" data-name=\"your-name\"><input size=\"40\" maxlength=\"400\" class=\"wpcf7-form-control wpcf7-text wpcf7-validates-as-required\" aria-required=\"true\" aria-invalid=\"false\" value=\"\" type=\"text\" name=\"your-name\" \/><\/span>\n<\/p>\n<p>Email *\n<\/p>\n<p><span class=\"wpcf7-form-control-wrap\" data-name=\"your-email\"><input size=\"40\" maxlength=\"400\" class=\"wpcf7-form-control wpcf7-email wpcf7-validates-as-required wpcf7-text wpcf7-validates-as-email\" aria-required=\"true\" aria-invalid=\"false\" value=\"\" type=\"email\" name=\"your-email\" \/><\/span>\n<\/p>\n<p>Entreprise\n<\/p>\n<p><span class=\"wpcf7-form-control-wrap\" data-name=\"your-subject\"><input size=\"40\" maxlength=\"400\" class=\"wpcf7-form-control wpcf7-text\" aria-invalid=\"false\" value=\"\" type=\"text\" name=\"your-subject\" \/><\/span>\n<\/p>\n<p>Commentaire\n<\/p>\n<p><span class=\"wpcf7-form-control-wrap\" data-name=\"your-message\"><textarea cols=\"40\" rows=\"10\" maxlength=\"2000\" class=\"wpcf7-form-control wpcf7-textarea\" aria-invalid=\"false\" name=\"your-message\"><\/textarea><\/span>\n<\/p>\n<p>Si vous le souhaitez, vous pouvez ajouter une photo de profil ...\n<\/p>\n<p><span class=\"wpcf7-form-control-wrap\" data-name=\"foto\"><input size=\"40\" class=\"wpcf7-form-control wpcf7-file\" accept=\"audio\/*,video\/*,image\/*\" aria-invalid=\"false\" type=\"file\" name=\"foto\" \/><\/span>\n<\/p>\n<p><span class=\"wpcf7-form-control-wrap\" data-name=\"acceptance-446\"><span class=\"wpcf7-form-control wpcf7-acceptance\"><span class=\"wpcf7-list-item\"><input type=\"checkbox\" name=\"acceptance-446\" value=\"1\" aria-invalid=\"false\" \/><\/span><\/span><\/span>J'accepte <a href=\"https:\/\/www.masvivent.com\/politica-de-privacidad\" target=\"_blank\">la politique de confidentialit\u00e9<\/a> (obligatoire)\n<\/p>\n<p><input class=\"wpcf7-form-control wpcf7-submit has-spinner\" type=\"submit\" value=\"Envoyer\" \/>\n<\/p>\n<p style=\"font-size:small\">En conformit\u00e9 avec les dispositions de la loi 15\/1999, du 13 D\u00e9cembre, la protection des donn\u00e9es personnelles (\"LOPD\"), nous vous informons que les renseignements personnels et la capacit\u00e9 \u00e0 int\u00e9grer le formulaire \u00e9lectronique et l'effet toute la documentation que vous nous informiez en papier ou \u00e9lectronique sera inclus dans un fichier de donn\u00e9es personnelles appartenant \u00e0 Mas Salon. Le but du traitement de vos donn\u00e9es est de lib\u00e9rer votre demande de contact ou de la demande pour les services.\n<\/p>\n<p style=\"font-size:small\">Remplir les champs de l'e-mail et par t\u00e9l\u00e9phone implique votre consentement \u00e0 recevoir des communications par e-mail ou sms avec les fins d\u00e9crites ci-dessus.\n<\/p>\n<p style=\"font-size:small\">Vous pouvez exercer vos droits d'acc\u00e8s, de rectification, annulation et opposition Mas Salon, Raval de la Fuente, 5, 17781 Vilamaniscle (G\u00e9rone) T\u00e9l. +34 606310463, ou par courriel: info@masvivent.com\n<\/p><p style=\"display: none !important;\" class=\"akismet-fields-container\" data-prefix=\"_wpcf7_ak_\"><label>&#916;<textarea name=\"_wpcf7_ak_hp_textarea\" cols=\"45\" rows=\"8\" maxlength=\"100\"><\/textarea><\/label><input type=\"hidden\" id=\"ak_js_1\" name=\"_wpcf7_ak_js\" value=\"173\"\/><script>document.getElementById( \"ak_js_1\" ).setAttribute( \"value\", ( new Date() ).getTime() );<\/script><\/p><div class=\"wpcf7-response-output\" aria-hidden=\"true\"><\/div>\n<\/form>\n<\/div>\n\n","protected":false},"excerpt":{"rendered":"<p>Donnez votre avis<\/p>\n","protected":false},"author":4,"featured_media":0,"parent":624,"menu_order":0,"comment_status":"open","ping_status":"open","template":"","meta":{"_acf_changed":false,"footnotes":""},"class_list":["post-639","page","type-page","status-publish","hentry"],"acf":[],"_links":{"self":[{"href":"https:\/\/www.masvivent.com\/fr\/wp-json\/wp\/v2\/pages\/639","targetHints":{"allow":["GET"]}}],"collection":[{"href":"https:\/\/www.masvivent.com\/fr\/wp-json\/wp\/v2\/pages"}],"about":[{"href":"https:\/\/www.masvivent.com\/fr\/wp-json\/wp\/v2\/types\/page"}],"author":[{"embeddable":true,"href":"https:\/\/www.masvivent.com\/fr\/wp-json\/wp\/v2\/users\/4"}],"replies":[{"embeddable":true,"href":"https:\/\/www.masvivent.com\/fr\/wp-json\/wp\/v2\/comments?post=639"}],"version-history":[{"count":2,"href":"https:\/\/www.masvivent.com\/fr\/wp-json\/wp\/v2\/pages\/639\/revisions"}],"predecessor-version":[{"id":646,"href":"https:\/\/www.masvivent.com\/fr\/wp-json\/wp\/v2\/pages\/639\/revisions\/646"}],"up":[{"embeddable":true,"href":"https:\/\/www.masvivent.com\/fr\/wp-json\/wp\/v2\/pages\/624"}],"wp:attachment":[{"href":"https:\/\/www.masvivent.com\/fr\/wp-json\/wp\/v2\/media?parent=639"}],"curies":[{"name":"wp","href":"https:\/\/api.w.org\/{rel}","templated":true}]}}