
{"id":624,"date":"2015-07-27T10:41:59","date_gmt":"2015-07-27T08:41:59","guid":{"rendered":"https:\/\/www.masvivent.com\/?page_id=624"},"modified":"2020-07-10T10:06:11","modified_gmt":"2020-07-10T08:06:11","slug":"decouvrez-les-opinions-de-nos-clients","status":"publish","type":"page","link":"https:\/\/www.masvivent.com\/fr\/decouvrez-les-opinions-de-nos-clients\/","title":{"rendered":"Opinions"},"content":{"rendered":"<p><strong>Nous voulons conna\u00eetre vos opinions<\/strong><br \/>\nPour nous, vos opinions sont n\u00e9cessaires pour continuer \u00e0 travailler pour faire de votre s\u00e9jour une belle miroir de la m\u00e9moire.<\/p>\n","protected":false},"excerpt":{"rendered":"<p>Nous voulons conna\u00eetre vos opinions Pour nous, vos opinions sont n\u00e9cessaires pour continuer \u00e0 travailler pour faire de votre s\u00e9jour une belle miroir de la m\u00e9moire.<\/p>\n","protected":false},"author":4,"featured_media":0,"parent":0,"menu_order":0,"comment_status":"open","ping_status":"open","template":"page-opiniones.php","meta":{"_acf_changed":false,"footnotes":""},"class_list":["post-624","page","type-page","status-publish","hentry"],"acf":[],"_links":{"self":[{"href":"https:\/\/www.masvivent.com\/fr\/wp-json\/wp\/v2\/pages\/624","targetHints":{"allow":["GET"]}}],"collection":[{"href":"https:\/\/www.masvivent.com\/fr\/wp-json\/wp\/v2\/pages"}],"about":[{"href":"https:\/\/www.masvivent.com\/fr\/wp-json\/wp\/v2\/types\/page"}],"author":[{"embeddable":true,"href":"https:\/\/www.masvivent.com\/fr\/wp-json\/wp\/v2\/users\/4"}],"replies":[{"embeddable":true,"href":"https:\/\/www.masvivent.com\/fr\/wp-json\/wp\/v2\/comments?post=624"}],"version-history":[{"count":3,"href":"https:\/\/www.masvivent.com\/fr\/wp-json\/wp\/v2\/pages\/624\/revisions"}],"predecessor-version":[{"id":1166,"href":"https:\/\/www.masvivent.com\/fr\/wp-json\/wp\/v2\/pages\/624\/revisions\/1166"}],"wp:attachment":[{"href":"https:\/\/www.masvivent.com\/fr\/wp-json\/wp\/v2\/media?parent=624"}],"curies":[{"name":"wp","href":"https:\/\/api.w.org\/{rel}","templated":true}]}}