
{"id":508,"date":"2015-05-14T09:04:37","date_gmt":"2015-05-14T07:04:37","guid":{"rendered":"https:\/\/www.masvivent.com\/?page_id=508"},"modified":"2015-11-17T11:45:04","modified_gmt":"2015-11-17T10:45:04","slug":"lenvironnement","status":"publish","type":"page","link":"https:\/\/www.masvivent.com\/fr\/lenvironnement\/","title":{"rendered":"L&rsquo;environnement"},"content":{"rendered":"<p><strong>Mas Vivent se trouve dans un environnement privil\u00e9gi\u00e9<\/strong> entre r\u00e9serves naturels qui offrent une \u00e9norme diversit\u00e9. Des terrains humides, des bois m\u00e9diterran\u00e9ens, des h\u00eatraies, des falaises et de petites entames sont quelques paysages qui se combinent dans ces parcs naturels. Ici, on peut trouver nombreuses esp\u00e8ces animales, quelque unes se trouvent dans un danger d&rsquo;extinction et, inclus, certaines qu&rsquo;aujourd&rsquo;hui peuvent seulement se trouver ici, comme la tortue m\u00e9diterran\u00e9enne.<\/p>\n<p>L&rsquo;h\u00e9ritage culturel de la r\u00e9gion ne reste pas court, avec les \u00e9l\u00e9ments qui t\u00e9moignent la pr\u00e9sence humaine depuis le pal\u00e9olithique jusqu&rsquo;\u00e0 nos jours et avec de manifestations artistiques qu&rsquo;ils nous parlent de l&rsquo;influence de ce territoire sur l&rsquo;inspiration de nombreux artistes. Depuis des exemples impressionnants du m\u00e9galithisme jusqu&rsquo;\u00e0 l&rsquo;objet surr\u00e9aliste le plus grand du monde, le Th\u00e9\u00e2tre \u2013 le Mus\u00e9e Dal\u00ed, en passant par les fantastiques exemples de l&rsquo;architecture romane catalane.<\/p>\n<p>Tout cela baign\u00e9 par les vins exceptionnels de la D\u00e9nomination d&rsquo;Origine Empord\u00e0 et son gastronomie.<\/p>\n","protected":false},"excerpt":{"rendered":"<p>Mas Vivent se trouve dans un environnement privil\u00e9gi\u00e9 entre r\u00e9serves naturels qui offrent une \u00e9norme diversit\u00e9. Des terrains humides, des bois m\u00e9diterran\u00e9ens, des h\u00eatraies, des falaises et de petites entames sont quelques paysages qui se combinent dans ces parcs naturels. Ici, on peut trouver nombreuses esp\u00e8ces animales, quelque unes se trouvent dans un danger d&rsquo;extinction [&hellip;]<\/p>\n","protected":false},"author":4,"featured_media":0,"parent":0,"menu_order":0,"comment_status":"open","ping_status":"open","template":"page-entorn.php","meta":{"_acf_changed":false,"footnotes":""},"class_list":["post-508","page","type-page","status-publish","hentry"],"acf":[],"_links":{"self":[{"href":"https:\/\/www.masvivent.com\/fr\/wp-json\/wp\/v2\/pages\/508","targetHints":{"allow":["GET"]}}],"collection":[{"href":"https:\/\/www.masvivent.com\/fr\/wp-json\/wp\/v2\/pages"}],"about":[{"href":"https:\/\/www.masvivent.com\/fr\/wp-json\/wp\/v2\/types\/page"}],"author":[{"embeddable":true,"href":"https:\/\/www.masvivent.com\/fr\/wp-json\/wp\/v2\/users\/4"}],"replies":[{"embeddable":true,"href":"https:\/\/www.masvivent.com\/fr\/wp-json\/wp\/v2\/comments?post=508"}],"version-history":[{"count":3,"href":"https:\/\/www.masvivent.com\/fr\/wp-json\/wp\/v2\/pages\/508\/revisions"}],"predecessor-version":[{"id":708,"href":"https:\/\/www.masvivent.com\/fr\/wp-json\/wp\/v2\/pages\/508\/revisions\/708"}],"wp:attachment":[{"href":"https:\/\/www.masvivent.com\/fr\/wp-json\/wp\/v2\/media?parent=508"}],"curies":[{"name":"wp","href":"https:\/\/api.w.org\/{rel}","templated":true}]}}