
{"id":495,"date":"2015-05-14T08:57:27","date_gmt":"2015-05-14T06:57:27","guid":{"rendered":"https:\/\/www.masvivent.com\/?page_id=495"},"modified":"2016-12-14T12:57:08","modified_gmt":"2016-12-14T11:57:08","slug":"activites","status":"publish","type":"page","link":"https:\/\/www.masvivent.com\/fr\/activites\/","title":{"rendered":"Activit\u00e9s"},"content":{"rendered":"<p><strong>\u00c0 l\u2019h\u00f4tel comme dans les environs, le Mas Vivent met \u00e0 votre disposition un nombre pratiquement illimit\u00e9 d\u2019activit\u00e9s qui combleront les attentes les plus diverses. <\/strong><\/p>\n<p>Des plus aventureux \u00e0 ceux qui recherchent avant tout la tranquillit\u00e9, tout le monde y trouve ce \u00e0 quoi il aspire pour ses vacances. Une foule d\u2019activit\u00e9s et, parmi celles-ci, les fa\u00e7ons les plus vari\u00e9es de d\u00e9couvrir l\u2019environnement unique o\u00f9 se niche le mas et de profiter de toutes les ressources qu\u2019il a \u00e0 offrir.<\/p>\n<p>En d\u00e9finitive, une grande vari\u00e9t\u00e9 d\u2019exp\u00e9riences, pour des vacances uniques et inoubliables.<\/p>\n","protected":false},"excerpt":{"rendered":"<p>\u00c0 l\u2019h\u00f4tel comme dans les environs, le Mas Vivent met \u00e0 votre disposition un nombre pratiquement illimit\u00e9 d\u2019activit\u00e9s qui combleront les attentes les plus diverses. Des plus aventureux \u00e0 ceux qui recherchent avant tout la tranquillit\u00e9, tout le monde y trouve ce \u00e0 quoi il aspire pour ses vacances. Une foule d\u2019activit\u00e9s et, parmi celles-ci, [&hellip;]<\/p>\n","protected":false},"author":4,"featured_media":0,"parent":0,"menu_order":0,"comment_status":"open","ping_status":"open","template":"page-activitats.php","meta":{"_acf_changed":false,"footnotes":""},"class_list":["post-495","page","type-page","status-publish","hentry"],"acf":[],"_links":{"self":[{"href":"https:\/\/www.masvivent.com\/fr\/wp-json\/wp\/v2\/pages\/495","targetHints":{"allow":["GET"]}}],"collection":[{"href":"https:\/\/www.masvivent.com\/fr\/wp-json\/wp\/v2\/pages"}],"about":[{"href":"https:\/\/www.masvivent.com\/fr\/wp-json\/wp\/v2\/types\/page"}],"author":[{"embeddable":true,"href":"https:\/\/www.masvivent.com\/fr\/wp-json\/wp\/v2\/users\/4"}],"replies":[{"embeddable":true,"href":"https:\/\/www.masvivent.com\/fr\/wp-json\/wp\/v2\/comments?post=495"}],"version-history":[{"count":3,"href":"https:\/\/www.masvivent.com\/fr\/wp-json\/wp\/v2\/pages\/495\/revisions"}],"predecessor-version":[{"id":776,"href":"https:\/\/www.masvivent.com\/fr\/wp-json\/wp\/v2\/pages\/495\/revisions\/776"}],"wp:attachment":[{"href":"https:\/\/www.masvivent.com\/fr\/wp-json\/wp\/v2\/media?parent=495"}],"curies":[{"name":"wp","href":"https:\/\/api.w.org\/{rel}","templated":true}]}}