
{"id":488,"date":"2015-05-13T17:07:04","date_gmt":"2015-05-13T15:07:04","guid":{"rendered":"https:\/\/www.masvivent.com\/?page_id=488"},"modified":"2015-11-17T11:44:11","modified_gmt":"2015-11-17T10:44:11","slug":"chambres","status":"publish","type":"page","link":"https:\/\/www.masvivent.com\/fr\/chambres\/","title":{"rendered":"Chambres"},"content":{"rendered":"<p><strong>Nous avons 8 chambres toutes d\u00e9cor\u00e9es diff\u00e9remment, avec beaucoup de personnalit\u00e9.<\/strong><br \/>\nConfortables, spacieuses, tr\u00e8s lumineuses et ensoleill\u00e9es. Orient\u00e9es \u00e0 l\u2019est et \u00e0 l\u2019ouest et toutes sur fa\u00e7ade. Avec de grandes salles de bains et, pour certaines, un salon et une terrasse. Elles sont pens\u00e9es avant tout pour le repos et le bien-\u00eatre.<\/p>\n<p>La num\u00e9rotation de nos chambres est directement li\u00e9e \u00e0 l\u2019activit\u00e9 qu\u2019accueillait le mas. Nous l\u2019avons choisie en hommage \u00e0 notre cave, car c\u2019est ainsi qu\u2019on y num\u00e9rotait les diff\u00e9rents types de vins, en marquant le f\u00fbt \u00e0 la craie pour savoir ce qu\u2019il contenait. Quelques tonneaux en portent encore la marque.<\/p>\n<p>Toutes les chambres disposent de:<\/p>\n<ul>\n<li>Climatisation<\/li>\n<li>Chauffage<\/li>\n<li>Connexion wifi<\/li>\n<li>T\u00e9l\u00e9vision LED 32\u2033<\/li>\n<li>R\u00e9frig\u00e9rateur \u00e9cologique en li\u00e8ge<\/li>\n<li>Coffre-fort<\/li>\n<li>T\u00e9l\u00e9phone<\/li>\n<li>S\u00e8che-cheveux<\/li>\n<li>Draps en coton \u00e9gyptien<\/li>\n<li>Matelas haut de gamme<\/li>\n<li>Double oreiller, dur et mou, et coussin carr\u00e9<\/li>\n<\/ul>\n<p>&nbsp;<\/p>\n","protected":false},"excerpt":{"rendered":"<p>Nous avons 8 chambres toutes d\u00e9cor\u00e9es diff\u00e9remment, avec beaucoup de personnalit\u00e9. Confortables, spacieuses, tr\u00e8s lumineuses et ensoleill\u00e9es. Orient\u00e9es \u00e0 l\u2019est et \u00e0 l\u2019ouest et toutes sur fa\u00e7ade. Avec de grandes salles de bains et, pour certaines, un salon et une terrasse. Elles sont pens\u00e9es avant tout pour le repos et le bien-\u00eatre. La num\u00e9rotation de [&hellip;]<\/p>\n","protected":false},"author":4,"featured_media":0,"parent":0,"menu_order":0,"comment_status":"open","ping_status":"open","template":"page-habitaciones.php","meta":{"_acf_changed":false,"footnotes":""},"class_list":["post-488","page","type-page","status-publish","hentry"],"acf":[],"_links":{"self":[{"href":"https:\/\/www.masvivent.com\/fr\/wp-json\/wp\/v2\/pages\/488","targetHints":{"allow":["GET"]}}],"collection":[{"href":"https:\/\/www.masvivent.com\/fr\/wp-json\/wp\/v2\/pages"}],"about":[{"href":"https:\/\/www.masvivent.com\/fr\/wp-json\/wp\/v2\/types\/page"}],"author":[{"embeddable":true,"href":"https:\/\/www.masvivent.com\/fr\/wp-json\/wp\/v2\/users\/4"}],"replies":[{"embeddable":true,"href":"https:\/\/www.masvivent.com\/fr\/wp-json\/wp\/v2\/comments?post=488"}],"version-history":[{"count":4,"href":"https:\/\/www.masvivent.com\/fr\/wp-json\/wp\/v2\/pages\/488\/revisions"}],"predecessor-version":[{"id":540,"href":"https:\/\/www.masvivent.com\/fr\/wp-json\/wp\/v2\/pages\/488\/revisions\/540"}],"wp:attachment":[{"href":"https:\/\/www.masvivent.com\/fr\/wp-json\/wp\/v2\/media?parent=488"}],"curies":[{"name":"wp","href":"https:\/\/api.w.org\/{rel}","templated":true}]}}