
{"id":1035,"date":"2020-07-08T09:41:59","date_gmt":"2020-07-08T07:41:59","guid":{"rendered":"https:\/\/www.masvivent.com\/?page_id=1035"},"modified":"2020-07-08T09:41:59","modified_gmt":"2020-07-08T07:41:59","slug":"politica-de-cookies-4","status":"publish","type":"page","link":"https:\/\/www.masvivent.com\/fr\/politica-de-cookies-4\/","title":{"rendered":"Pol\u00edtica de cookies"},"content":{"rendered":"<p>Tal y como se establece en la \u201cLey de Servicios de la Sociedad de la Informaci\u00f3n\u201d (LSSICE) establecida por el Real Decreto 13\/2012, es de obligaci\u00f3n obtener el consentimiento expreso del usuario de todas las p\u00e1ginas web que usan cookies prescindibles,\u00a0antes de que \u00e9ste navegue por ellas.<\/p>\n<p>En consecuencia, en \u00e9sta explicamos qu\u00e9 son las cookies, para qu\u00e9 sirven, y c\u00f3mo puedes configurarla o desactivarlas si as\u00ed lo deseas. Adem\u00e1s, te informamos qu\u00e9 tipos de cookies est\u00e1n siendo utilizadas, y con qu\u00e9 finalidad se usan.<\/p>\n<p>En <a href=\"https:\/\/www.masvivent.com\">www.masvivent.com<\/a> \u00a0utilizamos cookies para garantizar el funcionamiento de nuestra web, as\u00ed como para mejorar sus contenidos a trav\u00e9s del an\u00e1lisis de los h\u00e1bitos de navegaci\u00f3n de los usuarios.<\/p>\n<h2>\u00bfQUE SON LAS COOKIES?<\/h2>\n<p>Una cookie es un peque\u00f1o fichero de texto que se almacena en su navegador cuando visita la gran mayor\u00eda de p\u00e1ginas Web. Su utilidad es recuperar informaci\u00f3n acerca de sus visitantes. Las cookies suelen almacenar informaci\u00f3n de car\u00e1cter t\u00e9cnico, preferencias personales, personalizaci\u00f3n de contenidos, estad\u00edsticas de uso, enlaces a redes sociales, acceso a cuentas de usuario, etc. El objetivo de la cookie es adaptar el contenido de la Web a su perfil y necesidades. Sin cookies los servicios ofrecidos por cualquier p\u00e1gina se ver\u00edan mermados notablemente<\/p>\n<h2>\u00bfQU\u00c9 TIPOS DE COOKIES EXISTEN?<\/h2>\n<p>&nbsp;<\/p>\n<h3>\n<ol>\n<li>\nSeg\u00fan la entidad que las gestione\n<\/li>\n<\/ol>\n<\/h3>\n<p>Seg\u00fan qui\u00e9n sea la entidad que gestione el equipo o dominio desde donde se env\u00edan las cookies y trate los datos que se obtengan, podemos distinguir:<\/p>\n<ol>\n<li><strong>Cookies propias<\/strong>: son aquellas que se env\u00edan al equipo terminal del usuario desde un equipo o dominio gestionado por el propio editor y desde el que se presta el servicio solicitado por el usuario.<\/li>\n<li><strong>Cookies de terceros: son aquellas que se env\u00edan al equipo terminal del usuario desde un equipo o dominio<\/strong> que no es gestionado por el editor, sino por otra entidad que trata los datos obtenidos trav\u00e9s de las cookies.<\/li>\n<\/ol>\n<p>&nbsp;<\/p>\n<p>En el caso de que las cookies sean servidas desde un equipo o dominio gestionado por el propio editor, pero la informaci\u00f3n que se recoja mediante estas sea gestionada por un tercero, no pueden ser consideradas como cookies propias si el tercero las utiliza para sus propias finalidades (por ejemplo, la mejora de los servicios que presta o la prestaci\u00f3n de servicios de car\u00e1cter publicitario a favor de otras entidades).<\/p>\n<p>&nbsp;<\/p>\n<h3>\n<ol start=\"2\">\n<li>\nSeg\u00fan su finalidad\n<\/li>\n<\/ol>\n<\/h3>\n<p>Existen muchas finalidades para el uso de las cookies. Seg\u00fan la finalidad para la que se traten los datos obtenidos a trav\u00e9s de las cookies, algunas de las finalidades pueden ser:<\/p>\n<ol>\n<li><strong>Cookies t\u00e9cnicas:<\/strong> son aquellas que permiten al usuario la navegaci\u00f3n a trav\u00e9s de una p\u00e1gina web, plataforma o aplicaci\u00f3n y la utilizaci\u00f3n de las diferentes opciones o servicios que en ella existan, incluyendo aquellas que el editor utiliza para permitir la gesti\u00f3n y operativa de la p\u00e1gina web y habilitar sus funciones y servicios, como, por ejemplo, controlar el tr\u00e1fico y la comunicaci\u00f3n de datos, identificar la sesi\u00f3n, acceder a partes de acceso restringido, recordar los elementos que integran un pedido, realizar el proceso de compra de un pedido, gestionar el pago, controlar el fraude vinculado a la seguridad del servicio, realizar la solicitud de inscripci\u00f3n o participaci\u00f3n en un evento, contar visitas a efectos de la facturaci\u00f3n de licencias del software con el que funciona, utilizar elementos de seguridad durante la navegaci\u00f3n, almacenar contenidos para la difusi\u00f3n de v\u00eddeos o sonido, habilitar contenidos din\u00e1micos (por ejemplo, animaci\u00f3n de carga de un texto o imagen) o compartir contenidos a trav\u00e9s de redes sociales. Tambi\u00e9n pertenecen a esta categor\u00eda, por su naturaleza t\u00e9cnica, aquellas cookies que permiten la gesti\u00f3n, de la forma m\u00e1s eficaz posible, de los espacios publicitarios que, como un elemento m\u00e1s de dise\u00f1o o \u201cmaquetaci\u00f3n\u201d del servicio ofrecido al usuario, el editor haya incluido en una p\u00e1gina web, aplicaci\u00f3n o plataforma en base a criterios como el contenido editado, sin que se recopile informaci\u00f3n de los usuarios con fines distintos, como puede ser personalizar ese contenido publicitario u otros contenidos. Las cookies t\u00e9cnicas estar\u00e1n exceptuadas del cumplimiento de las obligaciones establecidas en el art\u00edculo 22.2 de la LSSI cuando permitan prestar el servicio solicitado por el usuario, como ocurre en el caso de las cookies enumeradas en los p\u00e1rrafos anteriores. Sin embargo, si estas cookies se utilizan tambi\u00e9n para finalidades no exentas (por ejemplo, para fines publicitarios comportamentales), quedar\u00e1n sujetas a dichas obligaciones.<\/li>\n<li><strong>Cookies de preferencias o personalizaci\u00f3n<\/strong>: son aquellas que permiten recordar informaci\u00f3n para que el usuario acceda al servicio con determinadas caracter\u00edsticas que pueden diferenciar su experiencia de la de otros usuarios, como, por ejemplo, el idioma, el n\u00famero de resultados a mostrar cuando el usuario realiza una b\u00fasqueda, el aspecto o contenido del servicio en funci\u00f3n del tipo de navegador a trav\u00e9s del cual el usuario accede al servicio o de la regi\u00f3n desde la que accede al servicio, etc. Si es el propio usuario quien elige esas caracter\u00edsticas (por ejemplo, si selecciona el idioma de un sitio web clicando en el icono de la bandera del pa\u00eds correspondiente), las cookies estar\u00e1n exceptuadas de las obligaciones del art\u00edculo 22.2 de la LSSI por considerarse un servicio expresamente solicitado por el usuario, y ello siempre y cuando las cookies obedezcan exclusivamente a la finalidad seleccionada.<\/li>\n<li><strong>Cookies de an\u00e1lisis o medici\u00f3n<\/strong>: son aquellas que permiten al responsable de las mismas el seguimiento y an\u00e1lisis del comportamiento de los usuarios de los sitios web a los que est\u00e1n vinculadas, incluida la cuantificaci\u00f3n de los impactos de los anuncios. La informaci\u00f3n recogida mediante este tipo de cookies se utiliza en la medici\u00f3n de la actividad de los sitios web, aplicaci\u00f3n o plataforma, con el fin de introducir mejoras en funci\u00f3n del an\u00e1lisis de los datos de uso que hacen los usuarios del servicio. Respecto al tratamiento de datos recabados a trav\u00e9s de las cookies de an\u00e1lisis, el GT29 manifest\u00f3 que, a pesar de que no est\u00e1n exentas del deber de obtener un consentimiento informado para su uso, es poco probable que representen un riesgo para la privacidad de los usuarios siempre que se trate de cookies de primera parte, que traten datos agregados con una finalidad estrictamente estad\u00edstica, que se facilite informaci\u00f3n sobre sus usos y se incluya la posibilidad de que los usuarios manifiesten su negativa sobre su utilizaci\u00f3n.<\/li>\n<li><strong>Cookies de publicidad comportamental:<\/strong> son aquellas que almacenan informaci\u00f3n del comportamiento de los usuarios obtenida a trav\u00e9s de la observaci\u00f3n continuada de sus h\u00e1bitos de navegaci\u00f3n, lo que permite desarrollar un perfil espec\u00edfico para mostrar publicidad en funci\u00f3n de este. En todo caso, debe tenerse en cuenta que estas tipolog\u00edas se ofrecen a t\u00edtulo orientativo por ser las m\u00e1s habituales. Los editores y los terceros podr\u00e1n realizar las categorizaciones que consideren que mejor se ajustan a las finalidades de las cookies que utilizan, de forma que se respete el principio de transparencia frente a los usuarios.<\/li>\n<\/ol>\n<p>&nbsp;<\/p>\n<h3>\n<ol start=\"3\">\n<li>\nSeg\u00fan el plazo de tiempo que permanecen activadas\n<\/li>\n<\/ol>\n<\/h3>\n<p>Seg\u00fan el plazo de tiempo que permanecen activadas en el equipo terminal podemos distinguir:<\/p>\n<ol>\n<li><strong>Cookies de sesi\u00f3n:<\/strong> son aquellas dise\u00f1adas para recabar y almacenar datos mientras el usuario accede a una p\u00e1gina web. Se suelen emplear para almacenar informaci\u00f3n que solo interesa conservar para la prestaci\u00f3n del servicio solicitado por el usuario en una sola ocasi\u00f3n (por ejemplo, una lista de productos adquiridos) y desaparecen al terminar la sesi\u00f3n.<\/li>\n<li><strong>Cookies persistentes:<\/strong> son aquellas en las que los datos siguen almacenados en el terminal y pueden ser accedidos y tratados durante un periodo definido por el responsable de la cookie, y que puede ir de unos minutos a varios a\u00f1os.<\/li>\n<\/ol>\n<p>&nbsp;<\/p>\n<p>A este respecto debe valorarse espec\u00edficamente si es necesaria la utilizaci\u00f3n de cookies persistentes, puesto que los riesgos para la privacidad podr\u00edan reducirse mediante la utilizaci\u00f3n de cookies de sesi\u00f3n. En todo caso, cuando se instalen cookies persistentes, se recomienda reducir al m\u00ednimo necesario su duraci\u00f3n temporal atendiendo a la finalidad de su uso. A estos efectos, el Dictamen 4\/2012 del GT29 indic\u00f3 que para que una cookie pueda estar exenta del deber de consentimiento informado, su caducidad debe estar relacionada con su finalidad. Debido a ello, es mucho m\u00e1s probable que se consideren como exceptuadas las cookies de sesi\u00f3n que las persistentes.<\/p>\n<p>&nbsp;<\/p>\n<h2>\u00bfQU\u00c9 COOKIES UTILIZA MASVIVENT?<\/h2>\n<p>A continuaci\u00f3n, explicamos qu\u00e9 cookies se utilizan en nuestra web, as\u00ed como sus caracter\u00edsticas:<\/p>\n<h4><strong>Cookies de t\u00e9cnicas<\/strong><\/h4>\n<table width=\"661\">\n<tbody>\n<tr>\n<td width=\"248\">Nombre cookie<\/td>\n<td width=\"73\">Propia o Terceros<\/td>\n<td width=\"272\">Descripci\u00f3n<\/td>\n<td width=\"68\">Duraci\u00f3n<\/td>\n<\/tr>\n<tr>\n<td width=\"248\"><strong>\u00a0<\/strong><\/td>\n<td width=\"73\">Propia<\/td>\n<td width=\"272\">Plugin de seguridad<\/td>\n<td width=\"68\">10 d\u00edas<\/td>\n<\/tr>\n<tr>\n<td width=\"248\"><strong>\u00a0<\/strong><\/td>\n<td width=\"73\">Propia<\/td>\n<td width=\"272\">Plugin de seguridad<\/td>\n<td width=\"68\">10 d\u00edas<\/td>\n<\/tr>\n<tr>\n<td width=\"248\"><strong>\u00a0<\/strong><\/td>\n<td width=\"73\"><\/td>\n<td width=\"272\"><\/td>\n<td width=\"68\"><\/td>\n<\/tr>\n<\/tbody>\n<\/table>\n<p>&nbsp;<\/p>\n<h4><strong>Cookies de preferencias o personalizaci\u00f3n<\/strong><\/h4>\n<table width=\"661\">\n<tbody>\n<tr>\n<td width=\"123\">Nombre cookie<\/td>\n<td width=\"104\">Propia o Terceros<\/td>\n<td width=\"359\">Descripci\u00f3n<\/td>\n<td width=\"76\">Duraci\u00f3n<\/td>\n<\/tr>\n<tr>\n<td width=\"123\"><strong>\u00a0<\/strong><\/td>\n<td width=\"104\">Propia<\/td>\n<td width=\"359\">Habilita una ventana emergente para advertir del uso de cookies i acceder a m\u00e1s informaci\u00f3n y su configuraci\u00f3n.<\/td>\n<td width=\"76\">1 a\u00f1o<\/td>\n<\/tr>\n<tr>\n<td width=\"123\"><strong>\u00a0<\/strong><\/td>\n<td width=\"104\"><\/td>\n<td width=\"359\"><\/td>\n<td width=\"76\"><\/td>\n<\/tr>\n<\/tbody>\n<\/table>\n<p><strong>\u00a0<\/strong><\/p>\n<h4><strong>Cookies de an\u00e1lisis o medici\u00f3n<\/strong><\/h4>\n<table width=\"661\">\n<tbody>\n<tr>\n<td width=\"123\">Nombre cookie<\/td>\n<td width=\"104\">Propia o Terceros<\/td>\n<td width=\"359\">Descripci\u00f3n<\/td>\n<td width=\"76\">Duraci\u00f3n<\/td>\n<\/tr>\n<tr>\n<td width=\"123\"><strong>\u00a0<\/strong><\/td>\n<td width=\"104\">Terceros<\/td>\n<td width=\"359\">Identifica a los usuarios de la web<\/td>\n<td width=\"76\">2 a\u00f1os<\/td>\n<\/tr>\n<tr>\n<td width=\"123\"><strong>\u00a0<\/strong><\/td>\n<td width=\"104\">Terceros<\/td>\n<td width=\"359\">Identifica a los usuarios de la web<\/td>\n<td width=\"76\">Sesi\u00f3n<\/td>\n<\/tr>\n<tr>\n<td width=\"123\"><strong>\u00a0<\/strong><\/td>\n<td width=\"104\">Terceros<\/td>\n<td width=\"359\">Almacena un valor \u00fanico por cada p\u00e1gina visitada<\/td>\n<td width=\"76\">1 d\u00eda<\/td>\n<\/tr>\n<tr>\n<td width=\"123\"><\/td>\n<td width=\"104\"><\/td>\n<td width=\"359\"><\/td>\n<td width=\"76\"><\/td>\n<\/tr>\n<\/tbody>\n<\/table>\n<p><strong>\u00a0<\/strong><\/p>\n<h4><strong>Cookies de publicidad comportamental:<\/strong><\/h4>\n<table width=\"661\">\n<tbody>\n<tr>\n<td width=\"123\">Nombre cookie<\/td>\n<td width=\"104\">Propia o Terceros<\/td>\n<td width=\"361\">Descripci\u00f3n<\/td>\n<td width=\"74\">Duraci\u00f3n<\/td>\n<\/tr>\n<tr>\n<td width=\"123\"><strong>Pl, <\/strong><\/td>\n<td width=\"104\">Terceros<\/td>\n<td width=\"361\">Se utiliza para registrar que un dispositivo o un navegador iniciaron sesi\u00f3n a trav\u00e9s de la plataforma de Facebook. <a href=\"https:\/\/www.facebook.com\/policy\/cookies\/printable\">M\u00e1s informaci\u00f3n<\/a>.<\/td>\n<td width=\"74\">90 d\u00edas<\/td>\n<\/tr>\n<tr>\n<td width=\"123\"><strong>Fr<\/strong><\/td>\n<td width=\"104\">Terceros<\/td>\n<td width=\"361\">Se trata de la cookie de publicidad principal de Facebook. Se utiliza para ofrecer, analizar y mejorar la relevancia de los anuncios. <a href=\"https:\/\/www.facebook.com\/policy\/cookies\/printable\">M\u00e1s informaci\u00f3n<\/a>.<\/td>\n<td width=\"74\">90 d\u00edas<\/td>\n<\/tr>\n<tr>\n<td width=\"123\"><strong>sb<\/strong><\/td>\n<td width=\"104\">Terceros<\/td>\n<td width=\"361\">Cookie de Facebook que identifica al navegador con fines de autenticaci\u00f3n del inicio de sesi\u00f3n. <a href=\"https:\/\/www.facebook.com\/policy\/cookies\/printable\">M\u00e1s informaci\u00f3n<\/a>.<\/td>\n<td width=\"74\">2 a\u00f1os<\/td>\n<\/tr>\n<tr>\n<td width=\"123\"><strong>c_user<\/strong><\/td>\n<td width=\"104\">Terceros<\/td>\n<td width=\"361\">Se utiliza junto con la cookie xs para autenticar tu identidad en Facebook. <a href=\"https:\/\/www.facebook.com\/policy\/cookies\/printable\">M\u00e1s informaci\u00f3n<\/a>.<\/td>\n<td width=\"74\">20 d\u00edas<\/td>\n<\/tr>\n<tr>\n<td width=\"123\"><strong>Xs<\/strong><\/td>\n<td width=\"104\">Terceros<\/td>\n<td width=\"361\">Se utiliza junto con la cookie c_user para autenticar tu identidad en Facebook. <a href=\"https:\/\/www.facebook.com\/policy\/cookies\/printable\">M\u00e1s informaci\u00f3n<\/a>.<\/td>\n<td width=\"74\">90 d\u00edas<\/td>\n<\/tr>\n<tr>\n<td width=\"123\"><strong>\u00a0<\/strong><\/td>\n<td width=\"104\"><\/td>\n<td width=\"361\"><\/td>\n<td width=\"74\"><\/td>\n<\/tr>\n<\/tbody>\n<\/table>\n<p>&nbsp;<\/p>\n<h2><strong><u>\u00bfC\u00d3MO CONFIGURAR LAS COOKIES?<\/u><\/strong><\/h2>\n<p><strong>\u00a0<\/strong><\/p>\n<h3><strong>Centro de configuraci\u00f3n MASVIVENT<\/strong><strong>\u00a0<\/strong><\/h3>\n<p>Puedes aceptar o rechazar el uso de cookies a trav\u00e9s del centro de configuraci\u00f3n de cookies.<\/p>\n<p>Para poder acceder al centro de configuraci\u00f3n lo podr\u00e1 hacer des del mensaje de informaci\u00f3n b\u00e1sica o desde el link que aparece en este apartado de la pol\u00edtica.\u00a0 En este centro podr\u00e1 consentir y\/o retirar un consentimiento anterior sobre el uso de las cookies.<\/p>\n<p>Debe tener en cuenta que la revocaci\u00f3n de cookies de terceros no conlleva la eliminaci\u00f3n de las ya existentes. Esta acci\u00f3n la deber\u00e1 hacer mediante la configuraci\u00f3n de su navegador.<strong>\u00a0<\/strong><\/p>\n<p><strong>Configuraci\u00f3n del navegador<\/strong><\/p>\n<p><strong>\u00a0<\/strong><strong><u>Chrome<\/u><\/strong><\/p>\n<ol>\n<li>Selecciona el icono de Herramientas<\/li>\n<li>Haz clic en Configuraci\u00f3n.<\/li>\n<li>Haz clic en Mostrar Opciones Avanzadas.<\/li>\n<li>En la secci\u00f3n \u00abPrivacidad\u00bb haz clic en Configuraci\u00f3n de contenido.<\/li>\n<\/ol>\n<p>Eliminar cookies: Haz clic en Todas las cookies y los datos de sitios\u2026<\/p>\n<p>No permitir que se almacenen cookies.<\/p>\n<ol start=\"5\">\n<li>Haz clic en Eliminar datos de navegaci\u00f3n (vaciar la Cach\u00e9)<\/li>\n<li>Cierra y reinicia el navegador.<\/li>\n<\/ol>\n<p>Para m\u00e1s informaci\u00f3n sobre Chrome pulse aqu\u00ed: <a href=\"http:\/\/support.google.com\/chrome\/answer\/95647?hl=es\">http:\/\/support.google.com\/chrome\/answer\/95647?hl=es<\/a><\/p>\n<p>&nbsp;<\/p>\n<p><strong><u>Internet Explorer.\u00a0Versi\u00f3n 11<\/u><\/strong><\/p>\n<ol>\n<li>Selecciona Herramientas | Opciones de Internet.<\/li>\n<li>Haz clic en la ficha General.<\/li>\n<li>En la secci\u00f3n \u00abHistorial de exploraci\u00f3n\u00bb, haz clic en Eliminar el historial de exploraci\u00f3n al salir.<\/li>\n<li>Seleccionar Eliminar archivos.<\/li>\n<li>Seleccionar Eliminar cookies.<\/li>\n<li>Haz clic en Eliminar.<\/li>\n<li>Haz clic en Aceptar.<\/li>\n<li>Cierra y reinicia el navegador.<\/li>\n<\/ol>\n<p>Para m\u00e1s informaci\u00f3n sobre Internet Explorer pulse aqu\u00ed:\u00a0<a href=\"https:\/\/support.microsoft.com\/es-es\/kb\/278835\">https:\/\/support.microsoft.com\/es-es\/kb\/278835<\/a><\/p>\n<p>&nbsp;<\/p>\n<p><strong><u>Firefox. Versi\u00f3n 18<\/u><\/strong><\/p>\n<ol>\n<li>Selecciona Firefox | Historial | Limpiar el historial reciente.<\/li>\n<li>Al lado de \u00abDetalles\u00bb, haz clic en la flecha hacia abajo.<\/li>\n<li>Selecciona las siguientes casillas de verificaci\u00f3n:\u00a0Cookies,\u00a0Cach\u00e9,\u00a0Inicios de sesi\u00f3n activos<\/li>\n<li>Usando el \u00abIntervalo de tiempo para borrar\u00bb en el men\u00fa desplegable, selecciona Todo.<\/li>\n<li>Haz clic en Borrar ahora.<\/li>\n<li>Cierra y reinicia el navegador.<\/li>\n<\/ol>\n<p>Puede aceptar o rechazar las cookies individualmente en las Preferencias de Firefox, en la secci\u00f3n Historial disponible en Herramientas &gt; Opciones &gt; Privacidad.<\/p>\n<p>Para m\u00e1s informaci\u00f3n sobre Mozilla Firefox pulse aqu\u00ed:<\/p>\n<p><a href=\"https:\/\/www.mozilla.org\/es-ES\/privacy\/websites\/#cookies\">https:\/\/www.mozilla.org\/es-ES\/privacy\/websites\/#cookies<\/a><\/p>\n<p>&nbsp;<\/p>\n<p><strong><u>Safari Versi\u00f3n 5.1<\/u><\/strong><\/p>\n<ol>\n<li>Selecciona el icono de Safari \/ Editar | Restaurar Safari.<\/li>\n<li>Selecciona las siguientes casillas de verificaci\u00f3n:\u00a0Borrar el historial,\u00a0Eliminar todos los datos de sitio web<\/li>\n<li>Haz clic en Restablecer.<\/li>\n<li>Cierra y reinicia el navegador.<\/li>\n<\/ol>\n<p>Para m\u00e1s informaci\u00f3n sobre Safari pulse aqu\u00ed:<\/p>\n<p><a href=\"http:\/\/support.apple.com\/kb\/PH5042\">http:\/\/support.apple.com\/kb\/PH5042<\/a><\/p>\n<p><strong><u>Opera<\/u><\/strong><\/p>\n<p>Opciones \u2013 Avanzado \u2013 Cookies. Las opciones de cookies controlan el modo en que Opera los maneja y por lo tanto su aceptaci\u00f3n o rechazo.<\/p>\n<p>Para m\u00e1s informaci\u00f3n sobre \u00d3pera pulse aqu\u00ed:<\/p>\n<p><a href=\"https:\/\/help.opera.com\/en\/how-to-clear-browser-cache-history-cookies\/\">https:\/\/help.opera.com\/en\/how-to-clear-browser-cache-history-cookies\/<\/a><\/p>\n<p><strong><u>Otros navegadores<\/u><\/strong><\/p>\n<p>Consulte la documentaci\u00f3n del navegador que tenga instalado.<\/p>\n<h2>NOTAS ADICIONALES<\/h2>\n<ol>\n<li>Ni esta Web ni sus representantes legales se hacen responsables ni del contenido ni de la veracidad de las pol\u00edticas de privacidad que puedan tener los terceros mencionados en esta pol\u00edtica de cookies.<\/li>\n<li>Los navegadores Web son las herramientas encargadas de almacenar las cookies y desde este lugar debe efectuar su derecho a eliminaci\u00f3n o desactivaci\u00f3n. Ni esta Web ni sus representantes legales pueden garantizar la correcta o incorrecta manipulaci\u00f3n de las cookies por parte de los mencionados navegadores.<\/li>\n<li>En algunos casos es necesario instalar cookies para que el navegador no olvide su decisi\u00f3n de no aceptaci\u00f3n.<\/li>\n<li>En el caso de las cookies de Google Analytics, esta empresa almacena las cookies en servidores ubicados en Estados Unidos y se compromete a no compartirla con terceros, excepto en los casos en los que sea necesario para el funcionamiento del sistema o cuando la ley obligue a tal efecto. Seg\u00fan Google no guarda su direcci\u00f3n IP. Google Inc. es una compa\u00f1\u00eda adherida al Acuerdo de Puerto Seguro que garantiza que todos los datos transferidos ser\u00e1n tratados con un nivel de protecci\u00f3n acorde a la normativa europea. Puede consultar informaci\u00f3n detallada a este respecto en\u00a0<a href=\"http:\/\/safeharbor.export.gov\/list.aspx\">este enlace<\/a>. Si desea informaci\u00f3n sobre el uso que Google da a las cookies le adjuntamos este otro\u00a0<a href=\"https:\/\/developers.google.com\/analytics\/devguides\/collection\/analyticsjs\/cookie-usage?hl=es&amp;csw=1\">enlace<\/a><\/li>\n<\/ol>\n<p>Para cualquier duda o consulta acerca de esta pol\u00edtica de cookies no dude en comunicarse con nosotros utilizando cualquiera de los m\u00e9todos de contacto que figuran al pie de esta p\u00e1gina Web.<\/p>\n","protected":false},"excerpt":{"rendered":"<p>Tal y como se establece en la \u201cLey de Servicios de la Sociedad de la Informaci\u00f3n\u201d (LSSICE) establecida por el Real Decreto 13\/2012, es de obligaci\u00f3n obtener el consentimiento expreso del usuario de todas las p\u00e1ginas web que usan cookies prescindibles,\u00a0antes de que \u00e9ste navegue por ellas. En consecuencia, en \u00e9sta explicamos qu\u00e9 son las [&hellip;]<\/p>\n","protected":false},"author":4,"featured_media":0,"parent":0,"menu_order":0,"comment_status":"closed","ping_status":"closed","template":"page-politiques.php","meta":{"_acf_changed":false,"footnotes":""},"class_list":["post-1035","page","type-page","status-publish","hentry"],"acf":[],"_links":{"self":[{"href":"https:\/\/www.masvivent.com\/fr\/wp-json\/wp\/v2\/pages\/1035","targetHints":{"allow":["GET"]}}],"collection":[{"href":"https:\/\/www.masvivent.com\/fr\/wp-json\/wp\/v2\/pages"}],"about":[{"href":"https:\/\/www.masvivent.com\/fr\/wp-json\/wp\/v2\/types\/page"}],"author":[{"embeddable":true,"href":"https:\/\/www.masvivent.com\/fr\/wp-json\/wp\/v2\/users\/4"}],"replies":[{"embeddable":true,"href":"https:\/\/www.masvivent.com\/fr\/wp-json\/wp\/v2\/comments?post=1035"}],"version-history":[{"count":1,"href":"https:\/\/www.masvivent.com\/fr\/wp-json\/wp\/v2\/pages\/1035\/revisions"}],"predecessor-version":[{"id":1038,"href":"https:\/\/www.masvivent.com\/fr\/wp-json\/wp\/v2\/pages\/1035\/revisions\/1038"}],"wp:attachment":[{"href":"https:\/\/www.masvivent.com\/fr\/wp-json\/wp\/v2\/media?parent=1035"}],"curies":[{"name":"wp","href":"https:\/\/api.w.org\/{rel}","templated":true}]}}