
{"id":501,"date":"2015-05-14T09:00:36","date_gmt":"2015-05-14T07:00:36","guid":{"rendered":"https:\/\/www.masvivent.com\/?page_id=501"},"modified":"2015-11-09T17:08:39","modified_gmt":"2015-11-09T16:08:39","slug":"lentorn","status":"publish","type":"page","link":"https:\/\/www.masvivent.com\/ca\/lentorn\/","title":{"rendered":"L&#8217;entorn"},"content":{"rendered":"<p><strong>Mas Vivent es troba en un entorn privilegiat<\/strong> entre diversos parcs naturals que ofereixen una enorme diversitat paisatg\u00edstica i faun\u00edstica. Aiguamolls, boscos mediterranis, fagedes, penya-segats i petites cales s\u00f3n alguns dels paisatges que es combinen en aquests parcs naturals, en els quals viuen a m\u00e9s nombroses esp\u00e8cies animals, algunes en perill d&#8217;extinci\u00f3 i, fins i tot, d\u2019altres que avui dia nom\u00e9s poden trobar- aqu\u00ed, com la tortuga mediterr\u00e0nia.<\/p>\n<p>El patrimoni cultural de la regi\u00f3 tampoc es queda curt, amb elements que testifiquen la pres\u00e8ncia humana des del Paleol\u00edtic fins als nostres dies i amb manifestacions art\u00edstiques que ens parlen de la influ\u00e8ncia d&#8217;aquest territori en la inspiraci\u00f3 de nombrosos artistes. Des d\u2019impressionants exemples del megalitisme a l&#8217;objecte surrealista m\u00e9s gran del m\u00f3n, el Teatre &#8211; Museu Dal\u00ed, passant per fant\u00e0stiques mostres de l&#8217;arquitectura rom\u00e0nica catalana.<\/p>\n<p>Tot aix\u00f2 banyat pels excepcionals vins de la Denominaci\u00f3 d&#8217;Origen Empord\u00e0, als quals podem acostar-nos-hi visitant alguna dels m\u00faltiples cellers de la comarca.<\/p>\n","protected":false},"excerpt":{"rendered":"<p>Mas Vivent es troba en un entorn privilegiat entre diversos parcs naturals que ofereixen una enorme diversitat paisatg\u00edstica i faun\u00edstica. Aiguamolls, boscos mediterranis, fagedes, penya-segats i petites cales s\u00f3n alguns dels paisatges que es combinen en aquests parcs naturals, en els quals viuen a m\u00e9s nombroses esp\u00e8cies animals, algunes en perill d&#8217;extinci\u00f3 i, fins i [&hellip;]<\/p>\n","protected":false},"author":4,"featured_media":0,"parent":0,"menu_order":0,"comment_status":"open","ping_status":"open","template":"page-entorn.php","meta":{"_acf_changed":false,"footnotes":""},"class_list":["post-501","page","type-page","status-publish","hentry"],"acf":[],"_links":{"self":[{"href":"https:\/\/www.masvivent.com\/ca\/wp-json\/wp\/v2\/pages\/501","targetHints":{"allow":["GET"]}}],"collection":[{"href":"https:\/\/www.masvivent.com\/ca\/wp-json\/wp\/v2\/pages"}],"about":[{"href":"https:\/\/www.masvivent.com\/ca\/wp-json\/wp\/v2\/types\/page"}],"author":[{"embeddable":true,"href":"https:\/\/www.masvivent.com\/ca\/wp-json\/wp\/v2\/users\/4"}],"replies":[{"embeddable":true,"href":"https:\/\/www.masvivent.com\/ca\/wp-json\/wp\/v2\/comments?post=501"}],"version-history":[{"count":4,"href":"https:\/\/www.masvivent.com\/ca\/wp-json\/wp\/v2\/pages\/501\/revisions"}],"predecessor-version":[{"id":710,"href":"https:\/\/www.masvivent.com\/ca\/wp-json\/wp\/v2\/pages\/501\/revisions\/710"}],"wp:attachment":[{"href":"https:\/\/www.masvivent.com\/ca\/wp-json\/wp\/v2\/media?parent=501"}],"curies":[{"name":"wp","href":"https:\/\/api.w.org\/{rel}","templated":true}]}}