
{"id":491,"date":"2015-05-14T08:55:20","date_gmt":"2015-05-14T06:55:20","guid":{"rendered":"https:\/\/www.masvivent.com\/?page_id=491"},"modified":"2016-12-14T12:59:01","modified_gmt":"2016-12-14T11:59:01","slug":"activitats","status":"publish","type":"page","link":"https:\/\/www.masvivent.com\/ca\/activitats\/","title":{"rendered":"Activitats"},"content":{"rendered":"<p><strong>En Mas Vivent ponemos a su disposici\u00f3n una oferta de actividades, tanto dentro del hotel como en los alrededores, casi ilimitada que satisfar\u00e1 las m\u00e1s variadas expectativas.\u00a0<\/strong><\/p>\n<p>Desde aquellos que buscan unos d\u00edas de relax a los m\u00e1s aventureros, todos podr\u00e1n encontrar lo que est\u00e1n buscando para sus vacaciones. Un sinf\u00edn de actividades entre las que se encuentran las m\u00e1s variadas formas de descubrir el entorno \u00fanico que rodea a la mas\u00eda y de disfrutar de todos los recursos que tiene para ofrecer.<\/p>\n<p>En definitiva, una gran vairedad\u00a0de experiencias para que sus vacaciones sean \u00fanicas e inolvidables.<\/p>\n","protected":false},"excerpt":{"rendered":"<p>En Mas Vivent ponemos a su disposici\u00f3n una oferta de actividades, tanto dentro del hotel como en los alrededores, casi ilimitada que satisfar\u00e1 las m\u00e1s variadas expectativas.\u00a0 Desde aquellos que buscan unos d\u00edas de relax a los m\u00e1s aventureros, todos podr\u00e1n encontrar lo que est\u00e1n buscando para sus vacaciones. Un sinf\u00edn de actividades entre las [&hellip;]<\/p>\n","protected":false},"author":4,"featured_media":0,"parent":0,"menu_order":0,"comment_status":"open","ping_status":"open","template":"page-activitats.php","meta":{"_acf_changed":false,"footnotes":""},"class_list":["post-491","page","type-page","status-publish","hentry"],"acf":[],"_links":{"self":[{"href":"https:\/\/www.masvivent.com\/ca\/wp-json\/wp\/v2\/pages\/491","targetHints":{"allow":["GET"]}}],"collection":[{"href":"https:\/\/www.masvivent.com\/ca\/wp-json\/wp\/v2\/pages"}],"about":[{"href":"https:\/\/www.masvivent.com\/ca\/wp-json\/wp\/v2\/types\/page"}],"author":[{"embeddable":true,"href":"https:\/\/www.masvivent.com\/ca\/wp-json\/wp\/v2\/users\/4"}],"replies":[{"embeddable":true,"href":"https:\/\/www.masvivent.com\/ca\/wp-json\/wp\/v2\/comments?post=491"}],"version-history":[{"count":3,"href":"https:\/\/www.masvivent.com\/ca\/wp-json\/wp\/v2\/pages\/491\/revisions"}],"predecessor-version":[{"id":778,"href":"https:\/\/www.masvivent.com\/ca\/wp-json\/wp\/v2\/pages\/491\/revisions\/778"}],"wp:attachment":[{"href":"https:\/\/www.masvivent.com\/ca\/wp-json\/wp\/v2\/media?parent=491"}],"curies":[{"name":"wp","href":"https:\/\/api.w.org\/{rel}","templated":true}]}}