
{"id":1042,"date":"2020-07-08T09:42:42","date_gmt":"2020-07-08T07:42:42","guid":{"rendered":"https:\/\/www.masvivent.com\/?page_id=1042"},"modified":"2020-07-08T09:42:42","modified_gmt":"2020-07-08T07:42:42","slug":"politica-de-privacidad-3","status":"publish","type":"page","link":"https:\/\/www.masvivent.com\/ca\/politica-de-privacidad-3\/","title":{"rendered":"Pol\u00edtica de privacidad"},"content":{"rendered":"<h2>POLITICA DE PROTECCI\u00d3N DE DATOS<\/h2>\n<p>Reglamento europeo 2016\/679 relativo a la protecci\u00f3n de las personas f\u00edsicas en lo que respecta al tratamiento de datos personales y a la libre circulaci\u00f3n de estos datos<\/p>\n<p>Tanto la privacidad de los datos como la confidencialidad de la informaci\u00f3n son aspectos importantes para LA FONT DE VILAMANISCLE S.L. Esta pol\u00edtica de protecci\u00f3n de datos establece la manera en qu\u00e9 se tratan los datos de car\u00e1cter personal obtenidos de sus clientes, contactos y proveedores y podr\u00e1 variar con el tiempo debido a los posibles cambios legislativos, jurisprudenciales o de los criterios seguidos por la Agencia Espa\u00f1ola de Protecci\u00f3n de Datos y\/o la autoridad competente en cada momento. Es por ello que la empresa se reserva el derecho a modificar la presente pol\u00edtica para adaptarlo a novedades legislativas o jurisprudenciales que se encuentran vigentes en el momento preciso en que se acceda a la web.<\/p>\n<p>Fecha \u00faltima actualizaci\u00f3n: 1\/06\/2020<\/p>\n<p>&nbsp;<\/p>\n<h3>1.- \u00bfQuien es el titular responsable del tratamiento de tus datos?<\/h3>\n<p>LA FONT DE VILAMANISCLE S.L (EN ADELANTE MASVIVENT)<\/p>\n<p>RAVAL DE LA FONT 5<\/p>\n<p>17781 VILAMANISCLE &#8211; GIRONA<\/p>\n<p>B63594766<\/p>\n<p>Mail: info@masvivent.com<\/p>\n<p>&nbsp;<\/p>\n<h3>2.- \u00bfPara qu\u00e9 tratamos tus datos personales, con que legitimidad lo hacemos y durante cuanto tiempo los conservamos?<\/h3>\n<p><strong>Obligaci\u00f3n de facilitar tus datos:<\/strong>\u00a0No est\u00e1s obligado a facilitarnos los datos solicitados, pero la aportaci\u00f3n de los mismos es un requisito necesario para la prestaci\u00f3n de nuestros servicios y\/ o la respuesta a tus consultas.<\/p>\n<p><strong>Principio de calidad de los datos<\/strong>: Los datos personales que recoge el hotel, son los\u00a0 necesarios para prestarte el servicio, siendo adecuados, pertinentes y no excesivos, limitados a lo necesario en relaci\u00f3n con las finalidades por los cuales son tratados.<br \/>\nRogamos qu\u00e9 para mantener los datos actuales, exactos y al d\u00eda, nos comuniques cualquier cambio o modificaci\u00f3n que haya podido producirse.<\/p>\n<p>En el hotel tratamos los datos personales para las siguientes finalidades:<\/p>\n<p>1.- RESERVAS: Gestionamos las reservas que llegan a trav\u00e9s del formulario web o cualquier otro medio de comunicaci\u00f3n habitual (tel\u00e9fono, mail), y las relaciones previas a tu hospedaje.<\/p>\n<p><u>Legitimaci\u00f3n:<\/u> La base legal para poder tratar tus datos es tu consentimiento otorgado con la aceptaci\u00f3n de la presente pol\u00edtica de protecci\u00f3n de datos y\/o la existencia de una relaci\u00f3n precontractual basada en la petici\u00f3n de una reserva.<\/p>\n<p><u>El plazo de conservaci\u00f3n<\/u>: los datos ser\u00e1n eliminados si no se formaliza la reserva.<\/p>\n<p>2.- CLIENTES: Tratamos los datos de los clientes para la gesti\u00f3n de los servicios del hotel y alojamiento contratados, as\u00ed como gesti\u00f3n de cobros y la facuraci\u00f3n de los mismos.<\/p>\n<p><u>Legitimaci\u00f3n:<\/u> La base legal para el tratamiento es la existencia de una relaci\u00f3n contractual (check-in) para la prestaci\u00f3n de los servicios solicitados.<\/p>\n<p><u>El plazo de conservaci\u00f3n<\/u>: Tus datos ser\u00e1n conservados, mientras dure la relaci\u00f3n contractual establecida, y con posterioridad, durante los plazos establecidos legalmente para la resoluci\u00f3n de posibles responsabilidades derivadas de la misma. Los datos relativos a pagos y facturaci\u00f3n se conservar\u00e1n durante los plazos establecidos en la normativa correspondiente en materia contable y fiscal.<\/p>\n<p>3.- ACCIONES COMERCIALES y MARKETING: La empresa utilizar\u00e1 los datos de contacto para remitirte comunicaciones comerciales sobre servicios, actividades y promociones que puedan ser de tu inter\u00e9s cuando haya obtenido previamente tu consentimiento inequ\u00edvoco. Dicho consentimiento podr\u00e1s revocarlo en cualqueir momento a trav\u00e9s de los sistemas indicados en cada comunicado que recibas.<\/p>\n<p><u>Legitimaci\u00f3n<\/u>: La base legal para el citado tratamiento es tu consentimiento que se considera otrogado a trav\u00e9s de la aceptaci\u00f3n de la casila habilitada al efecto.<\/p>\n<p><u>El plazo de conservaci\u00f3n<\/u>: los datos se conservar\u00e1n mientras no nos solicites su supresi\u00f3n.<\/p>\n<p>4.- \u00a0FORMULARIOS WEB:<\/p>\n<p>4.1.- FORMULARIO CONTACTO: Los datos de contacto obtenidos a trav\u00e9s del formulario contacto de la Web ser\u00e1 tratados unicamente para atender tus solicitudes.<\/p>\n<p><u>Legitimaci\u00f3n<\/u>: La base legal para el tratamiento es tu consentimiento que se considera otorgado con el envio voluntario de tus datos y la aceptaci\u00f3n de la presente pol\u00edtica de protecci\u00f3n de datos.<\/p>\n<p><u>El plazo de conservaci\u00f3n<\/u>: los datos se conservar\u00e1n una vez atendida tu solicitud.<\/p>\n<p>4.2.- FORMULARIO DEJA TU OPINION: Los datos y opiniones obtenidos a trav\u00e9s del formulario de la Web ser\u00e1 tratados unicamente para la gesti\u00f3n y publicaci\u00f3n de opiniones en la web corporativa.<\/p>\n<p><u>Legitimaci\u00f3n<\/u>: La base legal para el tratamiento es tu consentimiento que se considera otorgado con el envio voluntario de tus datos y la aceptaci\u00f3n de la presente pol\u00edtica de protecci\u00f3n de datos.<\/p>\n<p><u>El plazo de conservaci\u00f3n<\/u>: los datos se conservar\u00e1n mientras no nos solicites su supresi\u00f3n.<\/p>\n<p>&nbsp;<\/p>\n<p>5.- DATOS DE PROVEEDORES Y COLABORADORES: Tratamos los datos de nuestros proveedores para la gesti\u00f3n de pedidos y pagos, as\u00ed como mantener una base de datos de contactos para posibles futuras contrataciones y\/o colaboraciones.<\/p>\n<p><u>Legitimaci\u00f3n:<\/u> La base legal para el tratamiento es la existencia de una relaci\u00f3n contractual y el consentimiento que se considera otorgado con la entrega voluntaria de sus datos a la empresa.<\/p>\n<p><u>El plazo de conservaci\u00f3n<\/u>: los datos se conservar\u00e1n en todo caso durante el tiempo que dure la relaci\u00f3n contractual y posteriormente durante los plazos legales establecidos en la legislaci\u00f3n civil para la prescripci\u00f3n de las obligaciones contractuales y en la legislaci\u00f3n contable y fiscal.<\/p>\n<p>&nbsp;<\/p>\n<h3>3.- \u00bfA qui\u00e9n comunicaremos tus datos?<\/h3>\n<p>La empresa comunicar\u00e1 tus datos a terceros en los siguientes supuestos:<\/p>\n<p>Por obligaci\u00f3n legal, los datos de los hu\u00e9spedes ser\u00e1n comunicados a las fuerzas y cuerpos de seguridad del estado. (Ley 4\/2015, de Protecci\u00f3n de la Seguridad Ciudadana)<\/p>\n<p>Tambi\u00e9n podr\u00e1n se comunicados a la administraci\u00f3n tributaria para pago de impuestos, a jueces, tribunales que lo soliciten por v\u00eda judicial.<\/p>\n<p>No est\u00e1 prevista la trasferencia internacional de datos.<\/p>\n<p>&nbsp;<\/p>\n<h3>4.- \u00bfCu\u00e1les son tus derechos?<\/h3>\n<p>Cualquier persona tiene derecho a obtener informaci\u00f3n sobre qu\u00e9 datos est\u00e1 tratando el hotel.<\/p>\n<p>A continuaci\u00f3n, te indicamos tus derechos:<\/p>\n<ul>\n<li>Las personas interesadas tienen derecho a <u>acceder<\/u> a sus datos personales, as\u00ed como a solicitar la<u> rectificaci\u00f3n <\/u>de los datos inexactos o, en su caso, solicitar su s<u>upresi\u00f3n <\/u>cuando, entre otros motivos, los datos ya no sean necesarios para los fines que fueron recogidos.<\/li>\n<li>En determinadas circunstancias, los interesados podr\u00e1n solicitar la <u>limitaci\u00f3n del tratamiento<\/u> de sus datos, en cuyo caso \u00fanicamente se conservar\u00e1n para el ejercicio o la defensa de reclamaciones.<\/li>\n<li>En determinadas circunstancias y por motivos relacionados con su situaci\u00f3n particular, los interesados podr\u00e1n <u>oponerse al tratamiento<\/u> de sus datos. La empresa dejar\u00e1 de tratar los datos, salvo por motivos leg\u00edtimos imperiosos, o el ejercicio o la defensa de posibles reclamaciones.<\/li>\n<li><u>Portabilidad:<\/u> El interesado tendr\u00e1 derecho a recibir los datos personales que le incumban, que haya facilitado a la empresa, en un formato estructurado, de uso com\u00fan y lectura mec\u00e1nica cuando: a) el tratamiento est\u00e9 basado en el consentimiento o en un contrato, y b) el tratamiento se efect\u00fae por medios automatizados.<\/li>\n<\/ul>\n<p>Le informamos de su derecho a presentar una reclamaci\u00f3n ante la autoridad de control (AEPD.- <a href=\"http:\/\/www.agpd.es)\">www.agpd.es)<\/a> en el caso que no haya visto satisfechos el ejercicio de sus derechos aqu\u00ed indicados.<\/p>\n<p>Para ejercer los citados derechos puede ponerse en contacto a trav\u00e9s del e-mail <a href=\"mailto:info@masvivent.com\">info@masvivent.com<\/a> indicando la siguiente informaci\u00f3n:<\/p>\n<ul>\n<li>Nombre y apellidos<\/li>\n<li>N\u00famero DNI<\/li>\n<li>E-mail de contacto<\/li>\n<li>Derecho que desea ejercitar.<\/li>\n<li>Datos sobre los que realiza su solicitud<\/li>\n<\/ul>\n<p>En el plazo m\u00e1ximo de un mes resolveremos su solicitud notific\u00e1ndoselo a su mail indicado.<\/p>\n<h3>5.- Seguridad en el tratamiento<\/h3>\n<p>Teniendo en cuenta el estado de la t\u00e9cnica, los costes de aplicaci\u00f3n, y la naturaleza, el alcance, el contexto y los fines del tratamiento, as\u00ed como riesgos de probabilidad y gravedad variables para los derechos y libertades de las personas f\u00edsicas,\u00a0 la empresa \u00a0aplicar\u00e1 medidas t\u00e9cnicas y organizativas apropiadas para garantizar un nivel de seguridad adecuado al riesgo, que eviten la destrucci\u00f3n, p\u00e9rdida o alteraci\u00f3n accidental o il\u00edcita de datos personales transmitidos, conservados o tratados de otra forma, o la comunicaci\u00f3n o acceso no autorizados a dichos datos.<\/p>\n","protected":false},"excerpt":{"rendered":"<p>POLITICA DE PROTECCI\u00d3N DE DATOS Reglamento europeo 2016\/679 relativo a la protecci\u00f3n de las personas f\u00edsicas en lo que respecta al tratamiento de datos personales y a la libre circulaci\u00f3n de estos datos Tanto la privacidad de los datos como la confidencialidad de la informaci\u00f3n son aspectos importantes para LA FONT DE VILAMANISCLE S.L. Esta [&hellip;]<\/p>\n","protected":false},"author":4,"featured_media":0,"parent":0,"menu_order":0,"comment_status":"closed","ping_status":"closed","template":"page-politiques.php","meta":{"_acf_changed":false,"footnotes":""},"class_list":["post-1042","page","type-page","status-publish","hentry"],"acf":[],"_links":{"self":[{"href":"https:\/\/www.masvivent.com\/ca\/wp-json\/wp\/v2\/pages\/1042","targetHints":{"allow":["GET"]}}],"collection":[{"href":"https:\/\/www.masvivent.com\/ca\/wp-json\/wp\/v2\/pages"}],"about":[{"href":"https:\/\/www.masvivent.com\/ca\/wp-json\/wp\/v2\/types\/page"}],"author":[{"embeddable":true,"href":"https:\/\/www.masvivent.com\/ca\/wp-json\/wp\/v2\/users\/4"}],"replies":[{"embeddable":true,"href":"https:\/\/www.masvivent.com\/ca\/wp-json\/wp\/v2\/comments?post=1042"}],"version-history":[{"count":1,"href":"https:\/\/www.masvivent.com\/ca\/wp-json\/wp\/v2\/pages\/1042\/revisions"}],"predecessor-version":[{"id":1043,"href":"https:\/\/www.masvivent.com\/ca\/wp-json\/wp\/v2\/pages\/1042\/revisions\/1043"}],"wp:attachment":[{"href":"https:\/\/www.masvivent.com\/ca\/wp-json\/wp\/v2\/media?parent=1042"}],"curies":[{"name":"wp","href":"https:\/\/api.w.org\/{rel}","templated":true}]}}