
{"id":1028,"date":"2020-07-08T09:38:58","date_gmt":"2020-07-08T07:38:58","guid":{"rendered":"https:\/\/www.masvivent.com\/?page_id=1028"},"modified":"2020-07-08T10:22:18","modified_gmt":"2020-07-08T08:22:18","slug":"aviso-legal","status":"publish","type":"page","link":"https:\/\/www.masvivent.com\/ca\/aviso-legal\/","title":{"rendered":"Aviso Legal"},"content":{"rendered":"<p>LA FONT DE VILAMANISCLE S.L es la sociedad titular de esta web.<br \/>\nExcepto indicaci\u00f3n expresa en contrario, la titularidad de todos los derechos de propiedad intelectual e industrial de los contenidos le corresponde a la misma.<br \/>\nPara dar cumplimiento a la Ley 34\/2002 de Servicios de la Sociedad de la informaci\u00f3n y Comercio electr\u00f3nico facilitamos a continuaci\u00f3n los siguientes datos:<\/p>\n<p>LA FONT DE VILAMANISCLE S.L (EN ADELANTE MASVIVENT)<br \/>\nRAVAL DE LA FONT 5<br \/>\n17781 VILAMANISCLE &#8211; GIRONA<br \/>\nB63594766<br \/>\nMail: info@masvivent.com<\/p>\n<p>Est\u00e1 inscrita en el Registro Mercantil de Girona al tomo 3086, folio 144, hoja GI-60332.<\/p>\n<h2>1.- T\u00e9rminos de uso<\/h2>\n<p>El usuario se obliga a utilizar la informaci\u00f3n contenida en la presente p\u00e1gina Web para sus propias necesidades exclusivamente y a no realizar directa o indirectamente ning\u00fan tipo de explotaci\u00f3n comercial de los contenidos y servicios a los que tiene acceso. El usuario tendr\u00e1 derecho al acceso libre y gratuito de la informaci\u00f3n p\u00fablica recogida en la misma, si bien MASVIVENT, se reserva el derecho a restringir el acceso a determinadas secciones y servicios del Portal. Es intenci\u00f3n de MASVIVENT ofrecer en todo momento una informaci\u00f3n veraz y actualizada. MASVIVENT no se responsabiliza de la idoneidad de la informaci\u00f3n contenida en la Web.<\/p>\n<h2>2.- Enlaces (Links)<\/h2>\n<p>Esta Web puede ofrecer diferentes enlaces con otras p\u00e1ginas Web de terceros, cuyo contenido puede variar, de forma r\u00e1pida, por las caracter\u00edsticas propias de Internet. Por tanto, MASVIVENT no se hace responsable de las informaciones, servicios y contenido en general de dichas p\u00e1ginas Web de terceros.<\/p>\n<p>Cualquier p\u00e1gina externa a la que se acceda desde la p\u00e1gina de MASVIVENT es independiente y MASVIVENT no tiene ning\u00fan control del contenido de esa p\u00e1gina. Adem\u00e1s, un enlace con cualquier otra p\u00e1gina que no sea de MASVIVENT no implica que \u00e9sta respalde o acepte ninguna responsabilidad por su contenido o uso.<\/p>\n<p>En el caso de que MASVIVENT tuviera conocimiento efectivo de que la actividad o la informaci\u00f3n a la que remiten estos enlaces es il\u00edcita, constitutiva de delito o que puede lesionar bienes o derechos de terceros susceptibles de indemnizaci\u00f3n, actuar\u00e1 con la diligencia necesaria para suprimir o inutilizar el enlace correspondiente a la mayor brevedad posible.<\/p>\n<h2>3.- Derechos de propiedad intelectual e industrial<\/h2>\n<p>Los derechos relativos a la propiedad industrial e intelectual (a t\u00edtulo enunciativo y no limitativo las marcas, logotipos, textos, fotograf\u00edas, iconos, im\u00e1genes, etc., as\u00ed como el dise\u00f1o gr\u00e1fico, c\u00f3digo fuente y dem\u00e1s elementos de software contenidos en la presente p\u00e1gina Web), son propiedad de MASVIVENT. Por tanto, est\u00e1n sujetos a derechos de propiedad intelectual e industrial protegidos por la legislaci\u00f3n espa\u00f1ola e internacional.<\/p>\n<p>Sin la previa autorizaci\u00f3n escrita de forma fehaciente de MASVIVENT, no est\u00e1 permitido utilizar, reproducir, transmitir, manipular, as\u00ed como cualquier uso que exceda de la utilizaci\u00f3n necesaria para la visita de la p\u00e1gina y el uso de los servicios ofrecidos.<br \/>\nEl acceso a los servicios suministrados no supone por parte de MASVIVENT renuncia, transmisi\u00f3n, ni cesi\u00f3n total o parcial de los derechos derivados de la propiedad intelectual e industrial, ni atribuye derechos de utilizaci\u00f3n, alteraci\u00f3n, explotaci\u00f3n, reproducci\u00f3n, distribuci\u00f3n o comunicaci\u00f3n p\u00fablica sobre estos contenidos sin la previa y expresa autorizaci\u00f3n por escrito de los respectivos titulares de dichos derechos, sin perjuicio del derecho de visualizaci\u00f3n y obtenci\u00f3n de copia privada de seguridad de tales contenidos, siempre que dicho derecho se ejercite seg\u00fan los principios de buena fe y siempre que se mantenga inalterada la propiedad intelectual e industrial del titular de tales derechos, se utilice sin fines comerciales y exclusivamente para informaci\u00f3n personal del usuario. La responsabilidad derivada del uso de materiales protegidos por los derechos de propiedad intelectual e industrial contenidos en esta p\u00e1gina corresponder\u00e1 exclusivamente al usuario.<\/p>\n<h2>4.- \u00c9tica y responsabilidad del usuario de la p\u00e1gina Web:<\/h2>\n<p>MASVIVENT no ser\u00e1 en ning\u00fan caso responsable del uso de la Web que realice el usuario. El usuario se abstendr\u00e1 de llevar a cabo cualquier conducta en el uso de la Web corporativa o de los recursos puestos a su disposici\u00f3n que atente contra los derechos de propiedad intelectual o industrial de MASVIVENT o de terceros, que vulnere o transgreda el honor, la intimidad personal o familiar o la imagen a terceros, o que sean il\u00edcitos o atenten a la moralidad y dejar\u00e1 en todo caso indemne a MASVIVENT frente cualquier reclamaci\u00f3n, judicial o extrajudicial, que se presente frente a ella como consecuencia de dicho uso. El usuario se abstendr\u00e1 de llevar a cabo por cualquier medio cualquier destrucci\u00f3n, alteraci\u00f3n, inutilizaci\u00f3n o da\u00f1os de los datos, programas o documentos electr\u00f3nicos pertenecientes a MASVIVENT, as\u00ed como de introducci\u00f3n o difundir en la Red programas, virus, applets, o cualquier instrumento f\u00edsico o electr\u00f3nico que causen o sean susceptibles de causar cualquier tipo de alteraci\u00f3n en la Red, en el sistema, o en los equipos de terceros.<\/p>\n<h2>5.- Ley aplicable \u2013 Jurisdicci\u00f3n<\/h2>\n<p>La resoluci\u00f3n de cualquier controversia o divergencia relacionada con las condiciones de uso del presente sitio Web se regir\u00e1 por la legislaci\u00f3n espa\u00f1ola, siendo exclusivamente competentes los Juzgados y Tribunales de la ciudad de Girona.<\/p>\n","protected":false},"excerpt":{"rendered":"<p>LA FONT DE VILAMANISCLE S.L es la sociedad titular de esta web. Excepto indicaci\u00f3n expresa en contrario, la titularidad de todos los derechos de propiedad intelectual e industrial de los contenidos le corresponde a la misma. Para dar cumplimiento a la Ley 34\/2002 de Servicios de la Sociedad de la informaci\u00f3n y Comercio electr\u00f3nico facilitamos [&hellip;]<\/p>\n","protected":false},"author":4,"featured_media":0,"parent":0,"menu_order":0,"comment_status":"closed","ping_status":"closed","template":"page-politiques.php","meta":{"_acf_changed":false,"footnotes":""},"class_list":["post-1028","page","type-page","status-publish","hentry"],"acf":[],"_links":{"self":[{"href":"https:\/\/www.masvivent.com\/ca\/wp-json\/wp\/v2\/pages\/1028","targetHints":{"allow":["GET"]}}],"collection":[{"href":"https:\/\/www.masvivent.com\/ca\/wp-json\/wp\/v2\/pages"}],"about":[{"href":"https:\/\/www.masvivent.com\/ca\/wp-json\/wp\/v2\/types\/page"}],"author":[{"embeddable":true,"href":"https:\/\/www.masvivent.com\/ca\/wp-json\/wp\/v2\/users\/4"}],"replies":[{"embeddable":true,"href":"https:\/\/www.masvivent.com\/ca\/wp-json\/wp\/v2\/comments?post=1028"}],"version-history":[{"count":2,"href":"https:\/\/www.masvivent.com\/ca\/wp-json\/wp\/v2\/pages\/1028\/revisions"}],"predecessor-version":[{"id":1047,"href":"https:\/\/www.masvivent.com\/ca\/wp-json\/wp\/v2\/pages\/1028\/revisions\/1047"}],"wp:attachment":[{"href":"https:\/\/www.masvivent.com\/ca\/wp-json\/wp\/v2\/media?parent=1028"}],"curies":[{"name":"wp","href":"https:\/\/api.w.org\/{rel}","templated":true}]}}